{"id":282,"date":"2024-08-17T18:02:15","date_gmt":"2024-08-17T18:02:15","guid":{"rendered":"https:\/\/hmaerospaceinc.com\/?page_id=282"},"modified":"2024-10-01T21:10:30","modified_gmt":"2024-10-01T21:10:30","slug":"about-us","status":"publish","type":"page","link":"https:\/\/hmaerospaceinc.com\/es\/about-us\/","title":{"rendered":"Sobre Nosotros"},"content":{"rendered":"<div data-elementor-type=\"wp-page\" data-elementor-id=\"282\" class=\"elementor elementor-282\" data-elementor-post-type=\"page\">\n\t\t\t\t<div class=\"elementor-element elementor-element-8e57fa4 e-flex e-con-boxed e-con e-parent\" data-id=\"8e57fa4\" data-element_type=\"container\" data-e-type=\"container\" data-settings=\"{&quot;background_background&quot;:&quot;classic&quot;}\">\n\t\t\t\t\t<div class=\"e-con-inner\">\n\t\t<div class=\"elementor-element elementor-element-a20a106 e-con-full e-flex e-con e-child\" data-id=\"a20a106\" data-element_type=\"container\" data-e-type=\"container\">\n\t\t\t\t<div class=\"elementor-element elementor-element-12774b1 elementor-widget elementor-widget-heading\" data-id=\"12774b1\" data-element_type=\"widget\" data-e-type=\"widget\" data-widget_type=\"heading.default\">\n\t\t\t\t<div class=\"elementor-widget-container\">\n\t\t\t\t\t<h2 class=\"elementor-heading-title elementor-size-default\">SOBRE NOSOTROS<\/h2>\t\t\t\t<\/div>\n\t\t\t\t<\/div>\n\t\t\t\t<\/div>\n\t\t\t\t\t<\/div>\n\t\t\t\t<\/div>\n\t\t<div class=\"elementor-element elementor-element-c059dde e-flex e-con-boxed e-con e-parent\" data-id=\"c059dde\" data-element_type=\"container\" data-e-type=\"container\" data-settings=\"{&quot;background_background&quot;:&quot;classic&quot;}\">\n\t\t\t\t\t<div class=\"e-con-inner\">\n\t\t<div class=\"elementor-element elementor-element-300ba9f e-con-full elementor-hidden-mobile e-flex elementor-invisible e-con e-child\" data-id=\"300ba9f\" data-element_type=\"container\" data-e-type=\"container\" data-settings=\"{&quot;animation&quot;:&quot;bounceInLeft&quot;}\">\n\t\t\t\t<div class=\"elementor-element elementor-element-c9938d3 elementor-widget elementor-widget-image\" data-id=\"c9938d3\" data-element_type=\"widget\" data-e-type=\"widget\" data-widget_type=\"image.default\">\n\t\t\t\t<div class=\"elementor-widget-container\">\n\t\t\t\t\t\t\t\t\t\t\t\t\t\t\t<img fetchpriority=\"high\" decoding=\"async\" width=\"595\" height=\"1024\" src=\"https:\/\/hmaerospaceinc.com\/wp-content\/uploads\/2024\/10\/foto-about-us-v2-595x1024.webp\" class=\"attachment-large size-large wp-image-558\" alt=\"Hildegard Mieth\" srcset=\"https:\/\/hmaerospaceinc.com\/wp-content\/uploads\/2024\/10\/foto-about-us-v2-595x1024.webp 595w, https:\/\/hmaerospaceinc.com\/wp-content\/uploads\/2024\/10\/foto-about-us-v2-174x300.webp 174w, https:\/\/hmaerospaceinc.com\/wp-content\/uploads\/2024\/10\/foto-about-us-v2-7x12.webp 7w, https:\/\/hmaerospaceinc.com\/wp-content\/uploads\/2024\/10\/foto-about-us-v2.webp 622w\" sizes=\"(max-width: 595px) 100vw, 595px\" \/>\t\t\t\t\t\t\t\t\t\t\t\t\t\t\t<\/div>\n\t\t\t\t<\/div>\n\t\t\t\t<\/div>\n\t\t<div class=\"elementor-element elementor-element-290cac0 e-con-full e-flex elementor-invisible e-con e-child\" data-id=\"290cac0\" data-element_type=\"container\" data-e-type=\"container\" data-settings=\"{&quot;animation&quot;:&quot;bounceInRight&quot;}\">\n\t\t\t\t<div class=\"elementor-element elementor-element-baa02c1 elementor-widget elementor-widget-text-editor\" data-id=\"baa02c1\" data-element_type=\"widget\" data-e-type=\"widget\" data-widget_type=\"text-editor.default\">\n\t\t\t\t<div class=\"elementor-widget-container\">\n\t\t\t\t\t\t\t\t\t<p class=\"translation-block\"><b>HM AEROSPACE INC,<\/b> es la materializaci\u00f3n del sue\u00f1o de toda mi vida, hoy brilla y es m\u00e1s grande que nunca, gracias a que cuenta con el profesionalismo, experiencia y confianza de su equipo de trabajo, el apoyo de sus aliados estrat\u00e9gicos y la confianza de sus clientes.<\/p><p class=\"translation-block\">Yo soy Hildegard Mieth, fundadora y CEO de <b>HM AEROSPACE INC,<\/b> hoy en d\u00eda veo hecho realidad el esfuerzo de varios a\u00f1os en mi empresa, la cual se dedica a la venta de partes y repuestos de aeronaves y aviones a nivel nacional e internacional.<\/p><p>Como mujer emprendedora y empresaria, he dedicado mi vida a pasar obst\u00e1culos y momentos dif\u00edciles, as\u00ed como a celebrar \u00e9xitos y logros alcanzados, he logrado varias metas y espero y anhelo a que sean muchas m\u00e1s.<\/p><p class=\"translation-block\">Mi negocio hace que las personas literalmente pongan a volar sus sue\u00f1os al contribuir con la reparaci\u00f3n y mantenimiento de sus aviones y esos sue\u00f1os, gracias a todos aquellos que han confiado en <b>HM AEROSPACE INC<\/b> han volado a\u00fan m\u00e1s alto.<\/p><p>Gracias a la puntualidad, servicio y calidad que ofrece nuestra compa\u00f1\u00eda estoy 100 % segura que juntos volaremos muy alto.<\/p>\t\t\t\t\t\t\t\t<\/div>\n\t\t\t\t<\/div>\n\t\t<div class=\"elementor-element elementor-element-b6eb08f e-con-full elementor-hidden-desktop elementor-hidden-tablet e-flex e-con e-child\" data-id=\"b6eb08f\" data-element_type=\"container\" data-e-type=\"container\">\n\t\t\t\t<div class=\"elementor-element elementor-element-6b9fdb7 elementor-widget elementor-widget-image\" data-id=\"6b9fdb7\" data-element_type=\"widget\" data-e-type=\"widget\" data-widget_type=\"image.default\">\n\t\t\t\t<div class=\"elementor-widget-container\">\n\t\t\t\t\t\t\t\t\t\t\t\t\t\t\t<img decoding=\"async\" width=\"622\" height=\"750\" src=\"https:\/\/hmaerospaceinc.com\/wp-content\/uploads\/2024\/10\/HILDEGARD-MIETH-v2.webp\" class=\"attachment-large size-large wp-image-554\" alt=\"Hildegard Mieth\" srcset=\"https:\/\/hmaerospaceinc.com\/wp-content\/uploads\/2024\/10\/HILDEGARD-MIETH-v2.webp 622w, https:\/\/hmaerospaceinc.com\/wp-content\/uploads\/2024\/10\/HILDEGARD-MIETH-v2-249x300.webp 249w, https:\/\/hmaerospaceinc.com\/wp-content\/uploads\/2024\/10\/HILDEGARD-MIETH-v2-10x12.webp 10w\" sizes=\"(max-width: 622px) 100vw, 622px\" \/>\t\t\t\t\t\t\t\t\t\t\t\t\t\t\t<\/div>\n\t\t\t\t<\/div>\n\t\t\t\t<\/div>\n\t\t\t\t<div class=\"elementor-element elementor-element-ec0d60b elementor-widget elementor-widget-heading\" data-id=\"ec0d60b\" data-element_type=\"widget\" data-e-type=\"widget\" data-widget_type=\"heading.default\">\n\t\t\t\t<div class=\"elementor-widget-container\">\n\t\t\t\t\t<h2 class=\"elementor-heading-title elementor-size-default\">Hildegard Mieth<\/h2>\t\t\t\t<\/div>\n\t\t\t\t<\/div>\n\t\t\t\t<div class=\"elementor-element elementor-element-e5eecde elementor-widget elementor-widget-heading\" data-id=\"e5eecde\" data-element_type=\"widget\" data-e-type=\"widget\" data-widget_type=\"heading.default\">\n\t\t\t\t<div class=\"elementor-widget-container\">\n\t\t\t\t\t<h2 class=\"elementor-heading-title elementor-size-default\">CEO<\/h2>\t\t\t\t<\/div>\n\t\t\t\t<\/div>\n\t\t\t\t<\/div>\n\t\t\t\t\t<\/div>\n\t\t\t\t<\/div>\n\t\t<div class=\"elementor-element elementor-element-87bdebd elementor-hidden-mobile e-flex e-con-boxed e-con e-parent\" data-id=\"87bdebd\" data-element_type=\"container\" data-e-type=\"container\" data-settings=\"{&quot;background_background&quot;:&quot;classic&quot;,&quot;animation&quot;:&quot;none&quot;,&quot;animation_delay&quot;:400}\">\n\t\t\t\t\t<div class=\"e-con-inner\">\n\t\t<div class=\"elementor-element elementor-element-aac8929 e-con-full e-flex e-con e-child\" data-id=\"aac8929\" data-element_type=\"container\" data-e-type=\"container\">\n\t\t\t\t<div class=\"elementor-element elementor-element-40abf38 elementor-widget elementor-widget-heading\" data-id=\"40abf38\" data-element_type=\"widget\" data-e-type=\"widget\" data-widget_type=\"heading.default\">\n\t\t\t\t<div class=\"elementor-widget-container\">\n\t\t\t\t\t<h2 class=\"elementor-heading-title elementor-size-default translation-block\">NUESTROS<br \/>\nCLIENTES<\/h2>\t\t\t\t<\/div>\n\t\t\t\t<\/div>\n\t\t\t\t<\/div>\n\t\t<div class=\"elementor-element elementor-element-8718d37 e-con-full e-flex e-con e-child\" data-id=\"8718d37\" data-element_type=\"container\" data-e-type=\"container\">\n\t\t\t\t<div class=\"elementor-element elementor-element-55aca90 elementor-widget elementor-widget-image\" data-id=\"55aca90\" data-element_type=\"widget\" data-e-type=\"widget\" data-widget_type=\"image.default\">\n\t\t\t\t<div class=\"elementor-widget-container\">\n\t\t\t\t\t\t\t\t\t\t\t\t\t\t\t<img decoding=\"async\" width=\"200\" height=\"100\" src=\"https:\/\/hmaerospaceinc.com\/wp-content\/uploads\/2024\/08\/logo-cesa.webp\" class=\"attachment-large size-large wp-image-398\" alt=\"\" \/>\t\t\t\t\t\t\t\t\t\t\t\t\t\t\t<\/div>\n\t\t\t\t<\/div>\n\t\t\t\t<\/div>\n\t\t<div class=\"elementor-element elementor-element-cdc70a8 e-con-full e-flex e-con e-child\" data-id=\"cdc70a8\" data-element_type=\"container\" data-e-type=\"container\">\n\t\t\t\t<div class=\"elementor-element elementor-element-4c37cf4 elementor-widget elementor-widget-image\" data-id=\"4c37cf4\" data-element_type=\"widget\" data-e-type=\"widget\" data-widget_type=\"image.default\">\n\t\t\t\t<div class=\"elementor-widget-container\">\n\t\t\t\t\t\t\t\t\t\t\t\t\t\t\t<img loading=\"lazy\" decoding=\"async\" width=\"200\" height=\"100\" src=\"https:\/\/hmaerospaceinc.com\/wp-content\/uploads\/2024\/08\/logo-excel-turbines-2.webp\" class=\"attachment-large size-large wp-image-400\" alt=\"\" \/>\t\t\t\t\t\t\t\t\t\t\t\t\t\t\t<\/div>\n\t\t\t\t<\/div>\n\t\t\t\t<\/div>\n\t\t<div class=\"elementor-element elementor-element-c4f799d e-con-full e-flex e-con e-child\" data-id=\"c4f799d\" data-element_type=\"container\" data-e-type=\"container\">\n\t\t\t\t<div class=\"elementor-element elementor-element-e35c6a7 elementor-widget elementor-widget-image\" data-id=\"e35c6a7\" data-element_type=\"widget\" data-e-type=\"widget\" data-widget_type=\"image.default\">\n\t\t\t\t<div class=\"elementor-widget-container\">\n\t\t\t\t\t\t\t\t\t\t\t\t\t\t\t<img loading=\"lazy\" decoding=\"async\" width=\"200\" height=\"100\" src=\"https:\/\/hmaerospaceinc.com\/wp-content\/uploads\/2024\/08\/logo-red-aviation.webp\" class=\"attachment-large size-large wp-image-109\" alt=\"\" \/>\t\t\t\t\t\t\t\t\t\t\t\t\t\t\t<\/div>\n\t\t\t\t<\/div>\n\t\t\t\t<\/div>\n\t\t\t\t\t<\/div>\n\t\t\t\t<\/div>\n\t\t<div class=\"elementor-element elementor-element-37d08dd e-flex e-con-boxed e-con e-parent\" data-id=\"37d08dd\" data-element_type=\"container\" data-e-type=\"container\" data-settings=\"{&quot;background_background&quot;:&quot;classic&quot;}\">\n\t\t\t\t\t<div class=\"e-con-inner\">\n\t\t<div class=\"elementor-element elementor-element-ad1ee8b e-con-full e-flex e-con e-child\" data-id=\"ad1ee8b\" data-element_type=\"container\" data-e-type=\"container\">\n\t\t\t\t<div class=\"elementor-element elementor-element-a72c217 elementor-widget elementor-widget-heading\" data-id=\"a72c217\" data-element_type=\"widget\" data-e-type=\"widget\" data-widget_type=\"heading.default\">\n\t\t\t\t<div class=\"elementor-widget-container\">\n\t\t\t\t\t<h2 class=\"elementor-heading-title elementor-size-default\">DECLARACI\u00d3N DE CAPACIDAD<\/h2>\t\t\t\t<\/div>\n\t\t\t\t<\/div>\n\t\t\t\t<div class=\"elementor-element elementor-element-865ceb4 elementor-widget elementor-widget-text-editor\" data-id=\"865ceb4\" data-element_type=\"widget\" data-e-type=\"widget\" data-widget_type=\"text-editor.default\">\n\t\t\t\t<div class=\"elementor-widget-container\">\n\t\t\t\t\t\t\t\t\t<p class=\"translation-block\">HM Aerospace, Inc. se especializa en la venta de material aeron\u00e1utico y gesti\u00f3n para la aviaci\u00f3n comercial y militar, enfatizando la calidad. Nuestros servicios incluyen adquisiciones, ventas, gesti\u00f3n de inventarios y consultor\u00eda para aviones ejecutivos, aviones comerciales y militares. Enfocados en log\u00edstica y suministro. Eficiencia de la cadena, mitigamos el riesgo y entregamos valor, cumpliendo\nrequisitos del sector gubernamental con precisi\u00f3n y confiabilidad.<\/p>\t\t\t\t\t\t\t\t<\/div>\n\t\t\t\t<\/div>\n\t\t\t\t<div class=\"elementor-element elementor-element-b38f339 elementor-mobile-align-center elementor-align-left elementor-widget elementor-widget-button\" data-id=\"b38f339\" data-element_type=\"widget\" data-e-type=\"widget\" data-widget_type=\"button.default\">\n\t\t\t\t<div class=\"elementor-widget-container\">\n\t\t\t\t\t\t\t\t\t<div class=\"elementor-button-wrapper\">\n\t\t\t\t\t<a class=\"elementor-button elementor-button-link elementor-size-sm\" href=\"https:\/\/hmaerospaceinc.com\/es\/services-and-products\/\">\n\t\t\t\t\t\t<span class=\"elementor-button-content-wrapper\">\n\t\t\t\t\t\t\t\t\t<span class=\"elementor-button-text\">ACERCA DE NUESTROS SERVICIOS<\/span>\n\t\t\t\t\t<\/span>\n\t\t\t\t\t<\/a>\n\t\t\t\t<\/div>\n\t\t\t\t\t\t\t\t<\/div>\n\t\t\t\t<\/div>\n\t\t\t\t<\/div>\n\t\t<div class=\"elementor-element elementor-element-11fb161 e-con-full e-flex e-con e-child\" data-id=\"11fb161\" data-element_type=\"container\" data-e-type=\"container\">\n\t\t\t\t<div class=\"elementor-element elementor-element-91cd265 elementor-widget elementor-widget-video\" data-id=\"91cd265\" data-element_type=\"widget\" data-e-type=\"widget\" data-settings=\"{&quot;youtube_url&quot;:&quot;https:\\\/\\\/www.youtube.com\\\/watch?v=pp246phtL3Y&quot;,&quot;video_type&quot;:&quot;youtube&quot;}\" data-widget_type=\"video.default\">\n\t\t\t\t<div class=\"elementor-widget-container\">\n\t\t\t\t\t\t\t<div class=\"elementor-wrapper elementor-open-inline\">\n\t\t\t<div class=\"elementor-video\"><\/div>\t\t<\/div>\n\t\t\t\t\t\t<\/div>\n\t\t\t\t<\/div>\n\t\t\t\t<\/div>\n\t\t\t\t\t<\/div>\n\t\t\t\t<\/div>\n\t\t\t\t<\/div>","protected":false},"excerpt":{"rendered":"<p>ABOUT US HM AEROSPACE INC is the materialization of my lifelong dream and today it shines and is bigger than ever, thanks to the fact that it has the professionalism, experience and trust of its work team, the support of its strategic allies and the trust of their clients. I am Hildegard Mieth, founder and [&hellip;]<\/p>\n","protected":false},"author":1,"featured_media":0,"parent":0,"menu_order":0,"comment_status":"closed","ping_status":"closed","template":"elementor_header_footer","meta":{"footnotes":""},"class_list":["post-282","page","type-page","status-publish","hentry"],"_links":{"self":[{"href":"https:\/\/hmaerospaceinc.com\/es\/wp-json\/wp\/v2\/pages\/282","targetHints":{"allow":["GET"]}}],"collection":[{"href":"https:\/\/hmaerospaceinc.com\/es\/wp-json\/wp\/v2\/pages"}],"about":[{"href":"https:\/\/hmaerospaceinc.com\/es\/wp-json\/wp\/v2\/types\/page"}],"author":[{"embeddable":true,"href":"https:\/\/hmaerospaceinc.com\/es\/wp-json\/wp\/v2\/users\/1"}],"replies":[{"embeddable":true,"href":"https:\/\/hmaerospaceinc.com\/es\/wp-json\/wp\/v2\/comments?post=282"}],"version-history":[{"count":121,"href":"https:\/\/hmaerospaceinc.com\/es\/wp-json\/wp\/v2\/pages\/282\/revisions"}],"predecessor-version":[{"id":564,"href":"https:\/\/hmaerospaceinc.com\/es\/wp-json\/wp\/v2\/pages\/282\/revisions\/564"}],"wp:attachment":[{"href":"https:\/\/hmaerospaceinc.com\/es\/wp-json\/wp\/v2\/media?parent=282"}],"curies":[{"name":"wp","href":"https:\/\/api.w.org\/{rel}","templated":true}]}}